{"id":12,"date":"2024-03-14T13:00:47","date_gmt":"2024-03-14T13:00:47","guid":{"rendered":"http:\/\/www.reventspro.fi\/?page_id=12"},"modified":"2024-03-17T12:40:52","modified_gmt":"2024-03-17T12:40:52","slug":"reventspro","status":"publish","type":"page","link":"https:\/\/www.reventspro.fi\/index.php\/reventspro\/","title":{"rendered":"Reventspro"},"content":{"rendered":"\n<p>Revents Pro tarjoaa yrityksille tai yhteis\u00f6ille \u201davaimet k\u00e4teen\u201d-periaatteella henkil\u00f6st\u00f6p\u00e4iv\u00e4-, juhla- tai kokousj\u00e4rjestelyit\u00e4 ja tapahtumatuottamista niin, ett\u00e4 asiakkaalle j\u00e4\u00e4 aikaa keskitty\u00e4 tapahtumaan osallistumiseen.<\/p>\n\n\n\n<p>Palvelut pit\u00e4v\u00e4t sis\u00e4ll\u00e4\u00e4n:<\/p>\n\n\n\n<ul class=\"wp-block-list\">\n<li>tapahtumakokonaisuuden ideoinnin ja projektin hallinnan ja koordinoinnin<\/li>\n\n\n\n<li>tapahtuma-aikataulutuksen<\/li>\n\n\n\n<li>yhteisty\u00f6kumppanien hankkimisen, kuten ravintolapalvelut, teknisen tuottamisen, turvallisuuspalvelut ja visuaalisten materiaalien tuottajan<\/li>\n\n\n\n<li>tapahtumapaikan hankkimisen<\/li>\n\n\n\n<li>esiintyj\u00e4hankinnat<\/li>\n<\/ul>\n\n\n\n<p>Tapahtumatuottamisen hinta alkaen 100 \u20ac+alv \/tunti<\/p>\n\n\n\n<figure class=\"wp-block-image size-full\"><img loading=\"lazy\" decoding=\"async\" width=\"500\" height=\"500\" src=\"http:\/\/www.reventspro.fi\/wp-content\/uploads\/2024\/03\/Reventspro-logo.png\" alt=\"\" class=\"wp-image-9\" srcset=\"https:\/\/www.reventspro.fi\/wp-content\/uploads\/2024\/03\/Reventspro-logo.png 500w, https:\/\/www.reventspro.fi\/wp-content\/uploads\/2024\/03\/Reventspro-logo-300x300.png 300w, https:\/\/www.reventspro.fi\/wp-content\/uploads\/2024\/03\/Reventspro-logo-150x150.png 150w\" sizes=\"auto, (max-width: 500px) 100vw, 500px\" \/><\/figure>\n\n\n\n<div class=\"wp-block-columns is-layout-flex wp-container-core-columns-is-layout-9d6595d7 wp-block-columns-is-layout-flex\">\n<div class=\"wp-block-column is-layout-flow wp-block-column-is-layout-flow\"><\/div>\n<\/div>\n","protected":false},"excerpt":{"rendered":"<p>Revents Pro tarjoaa yrityksille tai yhteis\u00f6ille \u201davaimet k\u00e4teen\u201d-periaatteella henkil\u00f6st\u00f6p\u00e4iv\u00e4-, juhla- tai kokousj\u00e4rjestelyit\u00e4 ja tapahtumatuottamista niin, ett\u00e4 asiakkaalle j\u00e4\u00e4 aikaa keskitty\u00e4 tapahtumaan osallistumiseen. Palvelut pit\u00e4v\u00e4t sis\u00e4ll\u00e4\u00e4n: Tapahtumatuottamisen hinta alkaen 100 \u20ac+alv \/tunti<\/p>\n","protected":false},"author":1,"featured_media":0,"parent":0,"menu_order":0,"comment_status":"closed","ping_status":"closed","template":"","meta":{"footnotes":""},"class_list":["post-12","page","type-page","status-publish","hentry"],"_links":{"self":[{"href":"https:\/\/www.reventspro.fi\/index.php\/wp-json\/wp\/v2\/pages\/12","targetHints":{"allow":["GET"]}}],"collection":[{"href":"https:\/\/www.reventspro.fi\/index.php\/wp-json\/wp\/v2\/pages"}],"about":[{"href":"https:\/\/www.reventspro.fi\/index.php\/wp-json\/wp\/v2\/types\/page"}],"author":[{"embeddable":true,"href":"https:\/\/www.reventspro.fi\/index.php\/wp-json\/wp\/v2\/users\/1"}],"replies":[{"embeddable":true,"href":"https:\/\/www.reventspro.fi\/index.php\/wp-json\/wp\/v2\/comments?post=12"}],"version-history":[{"count":8,"href":"https:\/\/www.reventspro.fi\/index.php\/wp-json\/wp\/v2\/pages\/12\/revisions"}],"predecessor-version":[{"id":170,"href":"https:\/\/www.reventspro.fi\/index.php\/wp-json\/wp\/v2\/pages\/12\/revisions\/170"}],"wp:attachment":[{"href":"https:\/\/www.reventspro.fi\/index.php\/wp-json\/wp\/v2\/media?parent=12"}],"curies":[{"name":"wp","href":"https:\/\/api.w.org\/{rel}","templated":true}]}}