{"id":14,"date":"2024-03-14T13:01:20","date_gmt":"2024-03-14T13:01:20","guid":{"rendered":"http:\/\/www.reventspro.fi\/?page_id=14"},"modified":"2024-03-17T15:04:13","modified_gmt":"2024-03-17T15:04:13","slug":"reventshelp","status":"publish","type":"page","link":"https:\/\/www.reventspro.fi\/index.php\/reventshelp\/","title":{"rendered":"Reventshelp"},"content":{"rendered":"\n<p>Revents on muutakin kuin tapahtumien tuottamista. Revents voi tarjota yritykselle tai yhteis\u00f6lle projektiluonteista aputy\u00f6t\u00e4 tapahtumien hallinnassa tai itse tapahtumassa. Aputy\u00f6n sis\u00e4lt\u00f6, laajuus ja aikataulu voidaan suunnitella ja r\u00e4\u00e4t\u00e4l\u00f6id\u00e4 asiakkaan kanssa tapauskohtaisesti.<\/p>\n\n\n\n<p>Aputy\u00f6n hinta alkaen 45\u20ac+alv \/tunti<\/p>\n\n\n\n<figure class=\"wp-block-image size-full\"><img loading=\"lazy\" decoding=\"async\" width=\"500\" height=\"500\" src=\"http:\/\/www.reventspro.fi\/wp-content\/uploads\/2024\/03\/Revents-help-logo.png\" alt=\"\" class=\"wp-image-10\" srcset=\"https:\/\/www.reventspro.fi\/wp-content\/uploads\/2024\/03\/Revents-help-logo.png 500w, https:\/\/www.reventspro.fi\/wp-content\/uploads\/2024\/03\/Revents-help-logo-300x300.png 300w, https:\/\/www.reventspro.fi\/wp-content\/uploads\/2024\/03\/Revents-help-logo-150x150.png 150w\" sizes=\"auto, (max-width: 500px) 100vw, 500px\" \/><\/figure>\n","protected":false},"excerpt":{"rendered":"<p>Revents on muutakin kuin tapahtumien tuottamista. Revents voi tarjota yritykselle tai yhteis\u00f6lle projektiluonteista aputy\u00f6t\u00e4 tapahtumien hallinnassa tai itse tapahtumassa. Aputy\u00f6n sis\u00e4lt\u00f6, laajuus ja aikataulu voidaan suunnitella ja r\u00e4\u00e4t\u00e4l\u00f6id\u00e4 asiakkaan kanssa tapauskohtaisesti. Aputy\u00f6n hinta alkaen 45\u20ac+alv \/tunti<\/p>\n","protected":false},"author":1,"featured_media":0,"parent":0,"menu_order":0,"comment_status":"closed","ping_status":"closed","template":"","meta":{"footnotes":""},"class_list":["post-14","page","type-page","status-publish","hentry"],"_links":{"self":[{"href":"https:\/\/www.reventspro.fi\/index.php\/wp-json\/wp\/v2\/pages\/14","targetHints":{"allow":["GET"]}}],"collection":[{"href":"https:\/\/www.reventspro.fi\/index.php\/wp-json\/wp\/v2\/pages"}],"about":[{"href":"https:\/\/www.reventspro.fi\/index.php\/wp-json\/wp\/v2\/types\/page"}],"author":[{"embeddable":true,"href":"https:\/\/www.reventspro.fi\/index.php\/wp-json\/wp\/v2\/users\/1"}],"replies":[{"embeddable":true,"href":"https:\/\/www.reventspro.fi\/index.php\/wp-json\/wp\/v2\/comments?post=14"}],"version-history":[{"count":6,"href":"https:\/\/www.reventspro.fi\/index.php\/wp-json\/wp\/v2\/pages\/14\/revisions"}],"predecessor-version":[{"id":217,"href":"https:\/\/www.reventspro.fi\/index.php\/wp-json\/wp\/v2\/pages\/14\/revisions\/217"}],"wp:attachment":[{"href":"https:\/\/www.reventspro.fi\/index.php\/wp-json\/wp\/v2\/media?parent=14"}],"curies":[{"name":"wp","href":"https:\/\/api.w.org\/{rel}","templated":true}]}}