{"id":16,"date":"2024-03-14T13:02:43","date_gmt":"2024-03-14T13:02:43","guid":{"rendered":"http:\/\/www.reventspro.fi\/?page_id=16"},"modified":"2024-03-22T06:07:21","modified_gmt":"2024-03-22T06:07:21","slug":"asiakaspalautteet","status":"publish","type":"page","link":"https:\/\/www.reventspro.fi\/index.php\/asiakaspalautteet\/","title":{"rendered":"Osaaminen"},"content":{"rendered":"\n<p>Aiempia tapahtumatuotantojani entisess\u00e4 ty\u00f6ss\u00e4ni Saimaa Stadiumilla.<\/p>\n\n\n\n<figure class=\"wp-block-image size-large\"><img loading=\"lazy\" decoding=\"async\" width=\"1024\" height=\"683\" src=\"http:\/\/www.reventspro.fi\/wp-content\/uploads\/2024\/03\/Virve_Remunen_Revents_Miksei_kuva-Pihla-Liukkonen-Kontrastia-6-1-1024x683.jpg\" alt=\"\" class=\"wp-image-208\" srcset=\"https:\/\/www.reventspro.fi\/wp-content\/uploads\/2024\/03\/Virve_Remunen_Revents_Miksei_kuva-Pihla-Liukkonen-Kontrastia-6-1-1024x683.jpg 1024w, https:\/\/www.reventspro.fi\/wp-content\/uploads\/2024\/03\/Virve_Remunen_Revents_Miksei_kuva-Pihla-Liukkonen-Kontrastia-6-1-300x200.jpg 300w, https:\/\/www.reventspro.fi\/wp-content\/uploads\/2024\/03\/Virve_Remunen_Revents_Miksei_kuva-Pihla-Liukkonen-Kontrastia-6-1-768x512.jpg 768w, https:\/\/www.reventspro.fi\/wp-content\/uploads\/2024\/03\/Virve_Remunen_Revents_Miksei_kuva-Pihla-Liukkonen-Kontrastia-6-1-1536x1025.jpg 1536w, https:\/\/www.reventspro.fi\/wp-content\/uploads\/2024\/03\/Virve_Remunen_Revents_Miksei_kuva-Pihla-Liukkonen-Kontrastia-6-1.jpg 2048w\" sizes=\"auto, (max-width: 767px) 89vw, (max-width: 1000px) 54vw, (max-width: 1071px) 543px, 580px\" \/><figcaption class=\"wp-element-caption\">Kuva: Kontrastia<\/figcaption><\/figure>\n\n\n\n<p><strong>Case: Kaakkois-Suomen ammattikorkeakoulu Xamk<\/strong><\/p>\n\n\n\n<p><strong><em>Henkil\u00f6st\u00f6p\u00e4iv\u00e4 yli 700 hengelle<\/em><\/strong><\/p>\n\n\n\n<p>Syksyll\u00e4&nbsp; 2021 ja 2022 Kaakkois-Suomen ammattikorkeakoulu Xamk j\u00e4rjesti Saimaa Stadiumilla henkil\u00f6st\u00f6p\u00e4iv\u00e4n. Kyseess\u00e4 on noin 900 ty\u00f6ntekij\u00e4n organisaatio, jonka toiminta on jakautunut useaan eri kaupunkiin ja nelj\u00e4lle eri kampukselle. Molemmilla kerroilla p\u00e4iviin osallistui reilu 750 henkil\u00f6\u00e4. P\u00e4iv\u00e4t pitiv\u00e4t sis\u00e4ll\u00e4\u00e4n yhteisi\u00e4 luentoja sek\u00e4 henkil\u00f6kohtaisesti valittavia aktiviteetteja Mikkelin Kalevankankaan alueella. P\u00e4iviss\u00e4 oli huomioitu koko Kalevankankaan alueen toimijoiden monipuolinen tilatarjonta.&nbsp; Saimaa Stadiumin myyntip\u00e4\u00e4llikk\u00f6 Virve Remunen suunnitteli ohjelman, hankki yhteisty\u00f6kumppanit ja johti, sek\u00e4 organisoi p\u00e4iv\u00e4n tapahtumat.<\/p>\n\n\n\n<p>Osallistujilta pyydetyn palautteen mukaan p\u00e4iv\u00e4 oli onnistunut ja aktiviteettien monipuolisuus ker\u00e4si paljon kiitosta. Lis\u00e4ksi k\u00e4yt\u00e4nn\u00f6n j\u00e4rjestelyt n\u00e4in suurelle henkil\u00f6m\u00e4\u00e4r\u00e4lle ylittiv\u00e4t usean osallistujan odotukset.<\/p>\n\n\n\n<p>\u201dParas Xamkin yhteiskokoontuminen, johon olen itse osallistunut.\u201d<\/p>\n\n\n\n<p>\u201dAivan ihana p\u00e4iv\u00e4. Esiintyj\u00e4t ja kaikille yhteinen ohjelma oli nappivalintoja. Aktiviteetiss\u00e4 l\u00f6ytyi varmasti kaikille jotain mieluista. Mahtavaa oli kun p\u00e4\u00e4si ulkoilemaan ja liikkumaan p\u00e4iv\u00e4n aikana.\u201d<\/p>\n\n\n\n<p>\u201dKiitos j\u00e4rjestelyist\u00e4 kaikille osallisille! J\u00e4rjestelyt toimivat hienosti, vaikka meit\u00e4 oli valtavasti! Ei ep\u00e4ilyst\u00e4 etteik\u00f6 Xamk v\u00e4lit\u00e4 ty\u00f6ntekij\u00f6ist\u00e4\u00e4n. &#8211;\u201d<\/p>\n\n\n\n<p>\u201dAivan mahtava p\u00e4iv\u00e4, tuli sellainen yhteenkuuluvuuden tunne.\u201d<\/p>\n\n\n\n<figure class=\"wp-block-image size-large\"><img loading=\"lazy\" decoding=\"async\" width=\"1024\" height=\"1024\" src=\"http:\/\/www.reventspro.fi\/wp-content\/uploads\/2024\/03\/Xamk-henkilostopaiva-kuva--1024x1024.jpg\" alt=\"\" class=\"wp-image-110\" srcset=\"https:\/\/www.reventspro.fi\/wp-content\/uploads\/2024\/03\/Xamk-henkilostopaiva-kuva--1024x1024.jpg 1024w, https:\/\/www.reventspro.fi\/wp-content\/uploads\/2024\/03\/Xamk-henkilostopaiva-kuva--300x300.jpg 300w, https:\/\/www.reventspro.fi\/wp-content\/uploads\/2024\/03\/Xamk-henkilostopaiva-kuva--150x150.jpg 150w, https:\/\/www.reventspro.fi\/wp-content\/uploads\/2024\/03\/Xamk-henkilostopaiva-kuva--768x768.jpg 768w, https:\/\/www.reventspro.fi\/wp-content\/uploads\/2024\/03\/Xamk-henkilostopaiva-kuva--1536x1536.jpg 1536w, https:\/\/www.reventspro.fi\/wp-content\/uploads\/2024\/03\/Xamk-henkilostopaiva-kuva-.jpg 1564w\" sizes=\"auto, (max-width: 767px) 89vw, (max-width: 1000px) 54vw, (max-width: 1071px) 543px, 580px\" \/><figcaption class=\"wp-element-caption\">Kuvat otettu Xamkin henkil\u00f6st\u00f6p\u00e4iv\u00e4st\u00e4 2023. Kuvissa Virve Remunen ja juontaja Kaj Kunnas sek\u00e4  luennoitsija Joni Jaakkola.<\/figcaption><\/figure>\n\n\n\n<p><strong><em>Teema pikkujoulut<\/em><\/strong><\/p>\n\n\n\n<p>Xamk j\u00e4rjesti my\u00f6s teema- pikkujoulut vuosina 2022 ja 2023 Saimaa Stadiumilla. Pikkujouluissa oli toiveena toteuttaa reilulle 350 henkil\u00f6lle jonkin tietyn teeman ymp\u00e4rille rakennetut pikkujoulut. Saimaa Stadiumin myyntip\u00e4\u00e4llikk\u00f6 Virve Remunen otti haasteen vastaan yhdess\u00e4 yhteisty\u00f6kumppanien kanssa ja toteutti sek\u00e4 suunnitteli kahden eri teeman ymp\u00e4rille el\u00e4mykselliset pikkujoulut hy\u00f6dynt\u00e4en Saimaa Stadiumin monipuolisia tiloja ja hyvi\u00e4 yhteisty\u00f6kumppaneita. Pikkujoulun ohjelma koostui taiteilijoiden esiintymisest\u00e4, musiikista ja hyv\u00e4st\u00e4, teeman mukaisesta ruuasta.<\/p>\n\n\n\n<p>Osallistujilta saatiin seuraavalaista palautetta:<\/p>\n\n\n\n<p>\u2022&nbsp;&nbsp;&nbsp;&nbsp;&nbsp;&nbsp;&nbsp;&nbsp;&nbsp;&nbsp;&nbsp;&nbsp;&nbsp;&nbsp;&nbsp;&nbsp;&nbsp;&nbsp;&nbsp;&nbsp;&nbsp;&nbsp;&nbsp;&nbsp; Huolelliset j\u00e4rjestelyt<\/p>\n\n\n\n<p>\u2022&nbsp;&nbsp;&nbsp;&nbsp;&nbsp;&nbsp;&nbsp;&nbsp;&nbsp;&nbsp;&nbsp;&nbsp;&nbsp;&nbsp;&nbsp;&nbsp;&nbsp;&nbsp;&nbsp;&nbsp;&nbsp;&nbsp;&nbsp;&nbsp; Oli kivoja ohjelmanumeroita ja toimintapisteit\u00e4.<\/p>\n\n\n\n<p>\u2022&nbsp;&nbsp;&nbsp;&nbsp;&nbsp;&nbsp;&nbsp;&nbsp;&nbsp;&nbsp;&nbsp;&nbsp;&nbsp;&nbsp;&nbsp;&nbsp;&nbsp;&nbsp;&nbsp;&nbsp;&nbsp;&nbsp;&nbsp;&nbsp; Upeat j\u00e4rjestelyt. Ohjelma hyvin rakennettu teeman ymp\u00e4rille.<\/p>\n\n\n\n<p>\u2022&nbsp;&nbsp;&nbsp;&nbsp;&nbsp;&nbsp;&nbsp;&nbsp;&nbsp;&nbsp;&nbsp;&nbsp;&nbsp;&nbsp;&nbsp;&nbsp;&nbsp;&nbsp;&nbsp;&nbsp;&nbsp;&nbsp;&nbsp;&nbsp; Somisteisiin oli satsattu. Mainonta oli tosi onnistunut ja kaunis.<\/p>\n\n\n\n<p>\u2022&nbsp;&nbsp;&nbsp;&nbsp;&nbsp;&nbsp;&nbsp;&nbsp;&nbsp;&nbsp;&nbsp;&nbsp;&nbsp;&nbsp;&nbsp;&nbsp;&nbsp;&nbsp;&nbsp;&nbsp;&nbsp;&nbsp;&nbsp;&nbsp; Tapahtuma oli hyvin toteutettu sis\u00e4ll\u00f6lt\u00e4\u00e4n ja tarjoiluiltaan <\/p>\n\n\n\n<p>\u2022&nbsp;&nbsp;&nbsp;&nbsp;&nbsp;&nbsp;&nbsp;&nbsp;&nbsp;&nbsp;&nbsp;&nbsp;&nbsp;&nbsp;&nbsp;&nbsp;&nbsp;&nbsp;&nbsp;&nbsp;&nbsp;&nbsp;&nbsp;&nbsp; Erinomaisesti j\u00e4rjestetty monipuolinen kokonaisuus! Kiitos j\u00e4rjest\u00e4jille!<\/p>\n\n\n\n<figure class=\"wp-block-image size-large\"><img loading=\"lazy\" decoding=\"async\" width=\"1024\" height=\"1024\" src=\"http:\/\/www.reventspro.fi\/wp-content\/uploads\/2024\/03\/Xamk-henkilostojuhla-kuva--1024x1024.jpg\" alt=\"\" class=\"wp-image-109\" srcset=\"https:\/\/www.reventspro.fi\/wp-content\/uploads\/2024\/03\/Xamk-henkilostojuhla-kuva--1024x1024.jpg 1024w, https:\/\/www.reventspro.fi\/wp-content\/uploads\/2024\/03\/Xamk-henkilostojuhla-kuva--300x300.jpg 300w, https:\/\/www.reventspro.fi\/wp-content\/uploads\/2024\/03\/Xamk-henkilostojuhla-kuva--150x150.jpg 150w, https:\/\/www.reventspro.fi\/wp-content\/uploads\/2024\/03\/Xamk-henkilostojuhla-kuva--768x768.jpg 768w, https:\/\/www.reventspro.fi\/wp-content\/uploads\/2024\/03\/Xamk-henkilostojuhla-kuva--1536x1536.jpg 1536w, https:\/\/www.reventspro.fi\/wp-content\/uploads\/2024\/03\/Xamk-henkilostojuhla-kuva-.jpg 1564w\" sizes=\"auto, (max-width: 767px) 89vw, (max-width: 1000px) 54vw, (max-width: 1071px) 543px, 580px\" \/><figcaption class=\"wp-element-caption\">Kuvat otettu Xamkin teemapikkujouluista 2023.<\/figcaption><\/figure>\n\n\n\n<p><\/p>\n\n\n\n<p><strong><em>Case: Etel\u00e4-Savon Hyvinvointialue Eloisa<\/em><\/strong><\/p>\n\n\n\n<p><strong><em>Pikkujoulut 2600 henkil\u00f6lle<\/em><\/strong><\/p>\n\n\n\n<p>Etel\u00e4-Savon hyvinvointialue Eloisa j\u00e4rjesti ensimm\u00e4ist\u00e4 kertaa koko hyvinvointialueen yhteiset pikkujoulut Saimaa Stadiumilla. Etel\u00e4-Savon hyvinvointialue Eloisa tuottaa, kehitt\u00e4\u00e4 ja j\u00e4rjest\u00e4\u00e4 sosiaali- ja terveyspalveluja sek\u00e4 pelastustoimen palveluja 12 kunnan alueella 130 tuhannelle Etel\u00e4-Savon maakunnan asukkaalle. Ty\u00f6ntekij\u00f6it\u00e4 Eloisalla on vajaa 8000 henkil\u00f6\u00e4, josta juhlaan osallistui noin 2600 henkil\u00f6\u00e4.<\/p>\n\n\n\n<p>Pikkujoulut Eloisalle tuotti Saimaa Stadiumin myyntip\u00e4\u00e4llikk\u00f6 Virve Remunen. Tuottamiseen kuului asiakaan toiveiden mukaisen ohjelman suunnittelu ja toteutus, esiintyj\u00e4hankinnat sek\u00e4 massatapahtuman j\u00e4rjestelyt Kalevankankaan alueella. Tapahtuma tuotettiin yhteisty\u00f6ss\u00e4 Lumio Eventsin, EST: n ja Osuuskauppa Suur-Savon kanssa menestyksekk\u00e4\u00e4sti ja asiakaspalautteet olivat positiivia.<\/p>\n\n\n\n<p>Eloisan yhteyshenkil\u00f6 henkil\u00f6st\u00f6johtaja Petri Alaluusua toteaa juhlista -&#8221;Stadiumin tilat sopivat hienosti meid\u00e4n ensimm\u00e4iseen yhteiseen henkil\u00f6st\u00f6tapahtumaamme. J\u00e4rjestelyt kokonaisuutena ja avaimet k\u00e4teen-periaatteella toimivat erinomaisesti. Tilaisuus saatiin rakennettua Eloisan n\u00e4k\u00f6iseksi toiveittemme mukaisesti, lis\u00e4ksi hyv\u00e4n tilasuunnittelun ansiosta mink\u00e4\u00e4nlaista ruuhkautumista ei syntynyt miss\u00e4\u00e4n vaiheessa.&#8221;<\/p>\n\n\n\n<figure class=\"wp-block-image size-large\"><img loading=\"lazy\" decoding=\"async\" width=\"1024\" height=\"1024\" src=\"http:\/\/www.reventspro.fi\/wp-content\/uploads\/2024\/03\/Eloisa-henkilostojuhla-kuva--1024x1024.jpg\" alt=\"\" class=\"wp-image-8\" srcset=\"https:\/\/www.reventspro.fi\/wp-content\/uploads\/2024\/03\/Eloisa-henkilostojuhla-kuva--1024x1024.jpg 1024w, https:\/\/www.reventspro.fi\/wp-content\/uploads\/2024\/03\/Eloisa-henkilostojuhla-kuva--300x300.jpg 300w, https:\/\/www.reventspro.fi\/wp-content\/uploads\/2024\/03\/Eloisa-henkilostojuhla-kuva--150x150.jpg 150w, https:\/\/www.reventspro.fi\/wp-content\/uploads\/2024\/03\/Eloisa-henkilostojuhla-kuva--768x768.jpg 768w, https:\/\/www.reventspro.fi\/wp-content\/uploads\/2024\/03\/Eloisa-henkilostojuhla-kuva--1536x1536.jpg 1536w, https:\/\/www.reventspro.fi\/wp-content\/uploads\/2024\/03\/Eloisa-henkilostojuhla-kuva-.jpg 1564w\" sizes=\"auto, (max-width: 767px) 89vw, (max-width: 1000px) 54vw, (max-width: 1071px) 543px, 580px\" \/><figcaption class=\"wp-element-caption\">Kuvat otettu Eloisan pikkujouluista 2023.<\/figcaption><\/figure>\n\n\n\n<p><\/p>\n\n\n\n<p><strong><em>Case: M\u00f6lnlycke Health Care<\/em><\/strong><\/p>\n\n\n\n<p><strong><em>Henkil\u00f6st\u00f6juhlat 350-420 henkil\u00f6lle<\/em><\/strong><\/p>\n\n\n\n<p>M\u00f6lnlycke Health Care on j\u00e4rjest\u00e4nyt henkil\u00f6st\u00f6lleen jo kolme henkil\u00f6st\u00f6juhlaa Saimaa Stadiumilla: vuonna 2019 ja vuonna 2022. Viimeisin juhla pidettiin tammikuussa 2024&nbsp; M\u00f6lnlycke on maailman johtavia l\u00e4\u00e4ketieteellisi\u00e4 tuotteita ja ratkaisuja toimittava yritys, joka tarjoaa terveydenhuollon ammattilaisille mahdollisuuden tavoitella parhaita tuloksia niin potilaiden, hoidon kuin taloudenkin kannalta. M\u00f6lnlyckeen palveluksesssa ty\u00f6skentelee noin 650 henkil\u00f6\u00e4 josta 350-420 henkil\u00f6\u00e4 on osallistunut juhliin vuosien varrella.<\/p>\n\n\n\n<p>\u201dKokemus oli hyv\u00e4. Meill\u00e4 oli s\u00e4\u00e4nn\u00f6lliset suunnittelupalaverit, miss\u00e4 k\u00e4ytiin aina l\u00e4pi tarpeellinen, mit\u00e4\u00e4n unohtamatta.\u201d toteaa yrityksen edustaja Maarit Taskinen.&nbsp;<\/p>\n\n\n\n<p>Tilaisuudessa pyrittiin huomioimaan kaikki yrityksen toiveet ja n\u00e4kemykset.&nbsp;&nbsp;&nbsp;<\/p>\n\n\n\n<p>\u201dMyyntip\u00e4\u00e4llikk\u00f6 Virve Remunen veti kaiken upeasti, itse ei tarvinnut tuoda kuin meid\u00e4n toiveet esille. Kaiken olisi saanut teilt\u00e4 (Saimaa Stadiumilta), mutta b\u00e4ndi haluttiin hommata itse vuonna 2022, mik\u00e4 sekin oli hyv\u00e4 asia. Ja kaikki sujui hienosti juhlien aikana, ei mit\u00e4\u00e4n huomautettavaa. Kiitos viel\u00e4 kerran.\u201d<\/p>\n\n\n\n<figure class=\"wp-block-image size-large\"><img loading=\"lazy\" decoding=\"async\" width=\"1024\" height=\"1024\" src=\"http:\/\/www.reventspro.fi\/wp-content\/uploads\/2024\/03\/Molnlycke-henkilostojuhlakuva--1024x1024.jpg\" alt=\"\" class=\"wp-image-111\" srcset=\"https:\/\/www.reventspro.fi\/wp-content\/uploads\/2024\/03\/Molnlycke-henkilostojuhlakuva--1024x1024.jpg 1024w, https:\/\/www.reventspro.fi\/wp-content\/uploads\/2024\/03\/Molnlycke-henkilostojuhlakuva--300x300.jpg 300w, https:\/\/www.reventspro.fi\/wp-content\/uploads\/2024\/03\/Molnlycke-henkilostojuhlakuva--150x150.jpg 150w, https:\/\/www.reventspro.fi\/wp-content\/uploads\/2024\/03\/Molnlycke-henkilostojuhlakuva--768x768.jpg 768w, https:\/\/www.reventspro.fi\/wp-content\/uploads\/2024\/03\/Molnlycke-henkilostojuhlakuva--1536x1536.jpg 1536w, https:\/\/www.reventspro.fi\/wp-content\/uploads\/2024\/03\/Molnlycke-henkilostojuhlakuva-.jpg 1564w\" sizes=\"auto, (max-width: 767px) 89vw, (max-width: 1000px) 54vw, (max-width: 1071px) 543px, 580px\" \/><figcaption class=\"wp-element-caption\">Kuvat otettu M\u00f6lnlycken vuosijuhlassa 2024. Kuvissa juontaja DJ Anssi Honkanen ja Flipper b\u00e4ndin Antti Matikainen ja Karoliina Kallio.<\/figcaption><\/figure>\n\n\n\n<p><strong><em>Esiintyj\u00e4 palaute:<\/em><\/strong><\/p>\n\n\n\n<figure class=\"wp-block-image size-large is-resized\"><img loading=\"lazy\" decoding=\"async\" width=\"768\" height=\"1024\" src=\"http:\/\/www.reventspro.fi\/wp-content\/uploads\/2024\/03\/Xamk-henkilostopaiva-kuva-Kaj-ja-Elisa-768x1024.jpg\" alt=\"\" class=\"wp-image-198\" style=\"width:203px;height:auto\" srcset=\"https:\/\/www.reventspro.fi\/wp-content\/uploads\/2024\/03\/Xamk-henkilostopaiva-kuva-Kaj-ja-Elisa-768x1024.jpg 768w, https:\/\/www.reventspro.fi\/wp-content\/uploads\/2024\/03\/Xamk-henkilostopaiva-kuva-Kaj-ja-Elisa-225x300.jpg 225w, https:\/\/www.reventspro.fi\/wp-content\/uploads\/2024\/03\/Xamk-henkilostopaiva-kuva-Kaj-ja-Elisa-1152x1536.jpg 1152w, https:\/\/www.reventspro.fi\/wp-content\/uploads\/2024\/03\/Xamk-henkilostopaiva-kuva-Kaj-ja-Elisa.jpg 1530w\" sizes=\"auto, (max-width: 767px) 89vw, (max-width: 1000px) 54vw, (max-width: 1071px) 543px, 580px\" \/><figcaption class=\"wp-element-caption\">Kuvassa Elisa Suominen, Kaj Kunnas ja Virve Remunen<\/figcaption><\/figure>\n\n\n\n<p><strong>Kaj Kunnas<\/strong><\/p>\n\n\n\n<p>Urheilutoimittaja, juontaja ja tietokirjailija<\/p>\n\n\n\n<p>\u201dKokemukseni Virven kanssa ty\u00f6skentelemisest\u00e4 ovat vain ja ainoastaan positiivisia. Virve on energinen, iloinen, asiansa osaava ammattimaisesti tuotantoihinsa suhtautuva ihminen. Jonka kanssa ei turhia jaaritella, vaan tehd\u00e4\u00e4n yhteisen tavoitteen eteen hommia. Hymyss\u00e4 suin, silloinkin kun on tiukempi paikka\u2026 Ammattitaitoinen mukava ihminen. Siin\u00e4 Virve p\u00e4hkin\u00e4nkuoressa\u2026\u201d.<\/p>\n\n\n\n<figure class=\"wp-block-image size-full\"><img loading=\"lazy\" decoding=\"async\" width=\"200\" height=\"200\" src=\"http:\/\/www.reventspro.fi\/wp-content\/uploads\/2024\/03\/Anssi-Honkanen.jpg\" alt=\"\" class=\"wp-image-199\" srcset=\"https:\/\/www.reventspro.fi\/wp-content\/uploads\/2024\/03\/Anssi-Honkanen.jpg 200w, https:\/\/www.reventspro.fi\/wp-content\/uploads\/2024\/03\/Anssi-Honkanen-150x150.jpg 150w, https:\/\/www.reventspro.fi\/wp-content\/uploads\/2024\/03\/Anssi-Honkanen-100x100.jpg 100w\" sizes=\"auto, (max-width: 200px) 100vw, 200px\" \/><\/figure>\n\n\n\n<p><strong>Anssi Honkanen&nbsp;&nbsp;&nbsp;&nbsp;&nbsp;&nbsp;&nbsp;&nbsp;&nbsp;&nbsp;&nbsp;&nbsp;&nbsp;&nbsp;&nbsp;&nbsp;&nbsp;&nbsp;&nbsp;&nbsp;&nbsp;&nbsp;&nbsp;&nbsp;&nbsp;&nbsp;&nbsp;&nbsp;&nbsp;&nbsp;&nbsp;&nbsp;&nbsp;&nbsp;&nbsp;&nbsp;&nbsp;&nbsp;&nbsp;&nbsp;&nbsp;&nbsp;&nbsp;&nbsp;&nbsp;&nbsp;&nbsp;&nbsp;&nbsp;&nbsp;&nbsp;&nbsp;&nbsp;&nbsp;&nbsp;&nbsp;&nbsp;&nbsp;&nbsp;&nbsp;&nbsp;&nbsp;&nbsp;&nbsp;&nbsp;&nbsp;&nbsp;&nbsp;&nbsp;&nbsp;&nbsp; &nbsp;<\/strong><\/p>\n\n\n\n<p>Radiopersoona, juontaja, DJ, muusikko<\/p>\n\n\n\n<p>\u201d Oli mahtavaa olla mukana viihdytt\u00e4m\u00e4ss\u00e4. Sun tuottamat eventit on kyll\u00e4 aina viimesen p\u00e4\u00e4lle PRO. Kaikki toimii ja mist\u00e4\u00e4n en ole ikin\u00e4 saanut yht\u00e4 yksityiskohtaisia briiffej\u00e4. Helppo vet\u00e4\u00e4 hyv\u00e4 keikka, kun j\u00e4rjestelyt toimii.\u201d<\/p>\n","protected":false},"excerpt":{"rendered":"<p>Aiempia tapahtumatuotantojani entisess\u00e4 ty\u00f6ss\u00e4ni Saimaa Stadiumilla. Case: Kaakkois-Suomen ammattikorkeakoulu Xamk Henkil\u00f6st\u00f6p\u00e4iv\u00e4 yli 700 hengelle Syksyll\u00e4&nbsp; 2021 ja 2022 Kaakkois-Suomen ammattikorkeakoulu Xamk j\u00e4rjesti Saimaa Stadiumilla henkil\u00f6st\u00f6p\u00e4iv\u00e4n. Kyseess\u00e4 on noin 900 ty\u00f6ntekij\u00e4n organisaatio, jonka toiminta on jakautunut useaan eri kaupunkiin ja nelj\u00e4lle eri kampukselle. Molemmilla kerroilla p\u00e4iviin osallistui reilu 750 henkil\u00f6\u00e4. P\u00e4iv\u00e4t pitiv\u00e4t sis\u00e4ll\u00e4\u00e4n yhteisi\u00e4 luentoja sek\u00e4 &hellip; <\/p>\n<p class=\"link-more\"><a href=\"https:\/\/www.reventspro.fi\/index.php\/asiakaspalautteet\/\" class=\"more-link\">Jatka lukemista<span class=\"screen-reader-text\"> &#8221;Osaaminen&#8221;<\/span><\/a><\/p>\n","protected":false},"author":1,"featured_media":0,"parent":0,"menu_order":0,"comment_status":"closed","ping_status":"closed","template":"","meta":{"footnotes":""},"class_list":["post-16","page","type-page","status-publish","hentry"],"_links":{"self":[{"href":"https:\/\/www.reventspro.fi\/index.php\/wp-json\/wp\/v2\/pages\/16","targetHints":{"allow":["GET"]}}],"collection":[{"href":"https:\/\/www.reventspro.fi\/index.php\/wp-json\/wp\/v2\/pages"}],"about":[{"href":"https:\/\/www.reventspro.fi\/index.php\/wp-json\/wp\/v2\/types\/page"}],"author":[{"embeddable":true,"href":"https:\/\/www.reventspro.fi\/index.php\/wp-json\/wp\/v2\/users\/1"}],"replies":[{"embeddable":true,"href":"https:\/\/www.reventspro.fi\/index.php\/wp-json\/wp\/v2\/comments?post=16"}],"version-history":[{"count":19,"href":"https:\/\/www.reventspro.fi\/index.php\/wp-json\/wp\/v2\/pages\/16\/revisions"}],"predecessor-version":[{"id":276,"href":"https:\/\/www.reventspro.fi\/index.php\/wp-json\/wp\/v2\/pages\/16\/revisions\/276"}],"wp:attachment":[{"href":"https:\/\/www.reventspro.fi\/index.php\/wp-json\/wp\/v2\/media?parent=16"}],"curies":[{"name":"wp","href":"https:\/\/api.w.org\/{rel}","templated":true}]}}