{"id":18,"date":"2024-03-14T13:04:06","date_gmt":"2024-03-14T13:04:06","guid":{"rendered":"http:\/\/www.reventspro.fi\/?page_id=18"},"modified":"2024-03-18T07:21:28","modified_gmt":"2024-03-18T07:21:28","slug":"mita-on-revents","status":"publish","type":"page","link":"https:\/\/www.reventspro.fi\/index.php\/mita-on-revents\/","title":{"rendered":"Mit\u00e4 on Revents?"},"content":{"rendered":"\n<p>Tarvitsetko el\u00e4myksellisen, huolella tuotetun ja hymyj\u00e4 tuottavan tapahtuman? Tai apuja tapahtumasi j\u00e4rjest\u00e4miseen? &nbsp;Luota tapahtumasi Reventsin k\u00e4siin tai anna Reventsin auttaa. Luodaan yhdess\u00e4 el\u00e4mys \u2013 It happens!<\/p>\n\n\n\n<p>Reventsin el\u00e4myksi\u00e4 on tuottamassa Mikkeliss\u00e4 urheilun- ja tapahtumien monitoimiareenalta Saimaa Stadiumilta kokemuksia hankkinut Virve Remunen. Virvell\u00e4 on takanaan 5 vuoden kokemus erilaisten tapahtumien j\u00e4rjestelyist\u00e4 ja tuottamisesta aina urheilusta gaalailtoihin, kokouksista virtuaalityhyp\u00e4iviin ja isoihin henkil\u00f6st\u00f6juhliin. Koulutustakin l\u00f6ytyy It\u00e4-Suomen yliopiston kautta tapahtuma- ja tilajohtamisesta. <\/p>\n\n\n\n<p>Reventsin erityisosaamista ovat suuret tyhy- ja yritysp\u00e4iv\u00e4t (100-800 henkil\u00f6\u00e4) sek\u00e4 isot pikkujoulu\/gaalaillat (350-3500 henkil\u00f6\u00e4) Mikkelin Kalevankankaan monitoimialueella sek\u00e4 Saimaa Stadiumin monitoimiareenalla yhteisty\u00f6ss\u00e4 muiden tapahtuma-alan ammattilaisten kanssa. &nbsp;<\/p>\n\n\n\n<figure class=\"wp-block-image size-large\"><img loading=\"lazy\" decoding=\"async\" width=\"683\" height=\"1024\" src=\"http:\/\/www.reventspro.fi\/wp-content\/uploads\/2024\/03\/Virve_Remunen_Revents_Miksei_kuva-Pihla-Liukkonen-Kontrastia-1-1-683x1024.jpg\" alt=\"\" class=\"wp-image-135\" srcset=\"https:\/\/www.reventspro.fi\/wp-content\/uploads\/2024\/03\/Virve_Remunen_Revents_Miksei_kuva-Pihla-Liukkonen-Kontrastia-1-1-683x1024.jpg 683w, https:\/\/www.reventspro.fi\/wp-content\/uploads\/2024\/03\/Virve_Remunen_Revents_Miksei_kuva-Pihla-Liukkonen-Kontrastia-1-1-200x300.jpg 200w, https:\/\/www.reventspro.fi\/wp-content\/uploads\/2024\/03\/Virve_Remunen_Revents_Miksei_kuva-Pihla-Liukkonen-Kontrastia-1-1-768x1152.jpg 768w, https:\/\/www.reventspro.fi\/wp-content\/uploads\/2024\/03\/Virve_Remunen_Revents_Miksei_kuva-Pihla-Liukkonen-Kontrastia-1-1-1024x1536.jpg 1024w, https:\/\/www.reventspro.fi\/wp-content\/uploads\/2024\/03\/Virve_Remunen_Revents_Miksei_kuva-Pihla-Liukkonen-Kontrastia-1-1-1366x2048.jpg 1366w, https:\/\/www.reventspro.fi\/wp-content\/uploads\/2024\/03\/Virve_Remunen_Revents_Miksei_kuva-Pihla-Liukkonen-Kontrastia-1-1-scaled.jpg 1707w\" sizes=\"auto, (max-width: 683px) 100vw, 683px\" \/><figcaption class=\"wp-element-caption\">Kuva:Kontrastia<\/figcaption><\/figure>\n","protected":false},"excerpt":{"rendered":"<p>Tarvitsetko el\u00e4myksellisen, huolella tuotetun ja hymyj\u00e4 tuottavan tapahtuman? Tai apuja tapahtumasi j\u00e4rjest\u00e4miseen? &nbsp;Luota tapahtumasi Reventsin k\u00e4siin tai anna Reventsin auttaa. Luodaan yhdess\u00e4 el\u00e4mys \u2013 It happens! Reventsin el\u00e4myksi\u00e4 on tuottamassa Mikkeliss\u00e4 urheilun- ja tapahtumien monitoimiareenalta Saimaa Stadiumilta kokemuksia hankkinut Virve Remunen. Virvell\u00e4 on takanaan 5 vuoden kokemus erilaisten tapahtumien j\u00e4rjestelyist\u00e4 ja tuottamisesta aina urheilusta gaalailtoihin, &hellip; <\/p>\n<p class=\"link-more\"><a href=\"https:\/\/www.reventspro.fi\/index.php\/mita-on-revents\/\" class=\"more-link\">Jatka lukemista<span class=\"screen-reader-text\"> &#8221;Mit\u00e4 on Revents?&#8221;<\/span><\/a><\/p>\n","protected":false},"author":1,"featured_media":0,"parent":0,"menu_order":0,"comment_status":"closed","ping_status":"closed","template":"","meta":{"footnotes":""},"class_list":["post-18","page","type-page","status-publish","hentry"],"_links":{"self":[{"href":"https:\/\/www.reventspro.fi\/index.php\/wp-json\/wp\/v2\/pages\/18","targetHints":{"allow":["GET"]}}],"collection":[{"href":"https:\/\/www.reventspro.fi\/index.php\/wp-json\/wp\/v2\/pages"}],"about":[{"href":"https:\/\/www.reventspro.fi\/index.php\/wp-json\/wp\/v2\/types\/page"}],"author":[{"embeddable":true,"href":"https:\/\/www.reventspro.fi\/index.php\/wp-json\/wp\/v2\/users\/1"}],"replies":[{"embeddable":true,"href":"https:\/\/www.reventspro.fi\/index.php\/wp-json\/wp\/v2\/comments?post=18"}],"version-history":[{"count":21,"href":"https:\/\/www.reventspro.fi\/index.php\/wp-json\/wp\/v2\/pages\/18\/revisions"}],"predecessor-version":[{"id":222,"href":"https:\/\/www.reventspro.fi\/index.php\/wp-json\/wp\/v2\/pages\/18\/revisions\/222"}],"wp:attachment":[{"href":"https:\/\/www.reventspro.fi\/index.php\/wp-json\/wp\/v2\/media?parent=18"}],"curies":[{"name":"wp","href":"https:\/\/api.w.org\/{rel}","templated":true}]}}