{"id":23,"date":"2024-03-14T13:14:57","date_gmt":"2024-03-14T13:14:57","guid":{"rendered":"http:\/\/www.reventspro.fi\/?page_id=23"},"modified":"2024-03-19T13:14:30","modified_gmt":"2024-03-19T13:14:30","slug":"yhteystiedot","status":"publish","type":"page","link":"https:\/\/www.reventspro.fi\/index.php\/yhteystiedot\/","title":{"rendered":"Yhteystiedot"},"content":{"rendered":"\n<p><\/p>\n\n\n\n<p><\/p>\n\n\n\n<div class=\"wp-block-columns is-layout-flex wp-container-core-columns-is-layout-9d6595d7 wp-block-columns-is-layout-flex\">\n<div class=\"wp-block-column is-layout-flow wp-block-column-is-layout-flow\">\n<p><em><strong>Revents<\/strong><\/em><\/p>\n\n\n\n<p><em>Tapahtumatuottaja<\/em>\/ Yritt\u00e4j\u00e4<\/p>\n\n\n\n<p><em>Virve<\/em><em> <\/em><em>Remunen<\/em><\/p>\n\n\n\n<p><em>50100<\/em><em> <\/em><em>Mikke<\/em><em>li<\/em><\/p>\n\n\n\n<p><em>0400<\/em><em> <\/em><em>15000<\/em><em>7<\/em><\/p>\n\n\n\n<p><em><a href=\"mailto:virve.remunen@gmail.com\">virve.remunen@gmail.com<\/a><\/em><\/p>\n\n\n\n<p><em>www.reventspro.fi<\/em><\/p>\n<\/div>\n\n\n\n<div class=\"wp-block-column is-layout-flow wp-block-column-is-layout-flow\">\n<figure class=\"wp-block-image size-large\"><img loading=\"lazy\" decoding=\"async\" width=\"683\" height=\"1024\" src=\"http:\/\/www.reventspro.fi\/wp-content\/uploads\/2024\/03\/Virve_Remunen_Revents_Miksei_kuva-Pihla-Liukkonen-Kontrastia-3-1-683x1024.jpg\" alt=\"\" class=\"wp-image-146\" srcset=\"https:\/\/www.reventspro.fi\/wp-content\/uploads\/2024\/03\/Virve_Remunen_Revents_Miksei_kuva-Pihla-Liukkonen-Kontrastia-3-1-683x1024.jpg 683w, https:\/\/www.reventspro.fi\/wp-content\/uploads\/2024\/03\/Virve_Remunen_Revents_Miksei_kuva-Pihla-Liukkonen-Kontrastia-3-1-200x300.jpg 200w, https:\/\/www.reventspro.fi\/wp-content\/uploads\/2024\/03\/Virve_Remunen_Revents_Miksei_kuva-Pihla-Liukkonen-Kontrastia-3-1-768x1152.jpg 768w, https:\/\/www.reventspro.fi\/wp-content\/uploads\/2024\/03\/Virve_Remunen_Revents_Miksei_kuva-Pihla-Liukkonen-Kontrastia-3-1-1024x1536.jpg 1024w, https:\/\/www.reventspro.fi\/wp-content\/uploads\/2024\/03\/Virve_Remunen_Revents_Miksei_kuva-Pihla-Liukkonen-Kontrastia-3-1-1366x2048.jpg 1366w, https:\/\/www.reventspro.fi\/wp-content\/uploads\/2024\/03\/Virve_Remunen_Revents_Miksei_kuva-Pihla-Liukkonen-Kontrastia-3-1-scaled.jpg 1707w\" sizes=\"auto, (max-width: 683px) 100vw, 683px\" \/><figcaption class=\"wp-element-caption\">Kuva:Kontrastia<\/figcaption><\/figure>\n<\/div>\n<\/div>\n\n\n\n<p>Yhteisty\u00f6ss\u00e4<\/p>\n\n\n\n<p><\/p>\n\n\n\n<div class=\"wp-block-columns are-vertically-aligned-center is-layout-flex wp-container-core-columns-is-layout-9d6595d7 wp-block-columns-is-layout-flex\">\n<div class=\"wp-block-column is-layout-flow wp-block-column-is-layout-flow\" style=\"flex-basis:50%\"><\/div>\n<\/div>\n\n\n\n<figure class=\"wp-block-image size-full\"><img loading=\"lazy\" decoding=\"async\" width=\"600\" height=\"223\" src=\"http:\/\/www.reventspro.fi\/wp-content\/uploads\/2024\/03\/Yhteistyokumppani-Lumio-logo.png\" alt=\"\" class=\"wp-image-144\" srcset=\"https:\/\/www.reventspro.fi\/wp-content\/uploads\/2024\/03\/Yhteistyokumppani-Lumio-logo.png 600w, https:\/\/www.reventspro.fi\/wp-content\/uploads\/2024\/03\/Yhteistyokumppani-Lumio-logo-300x112.png 300w\" sizes=\"auto, (max-width: 600px) 100vw, 600px\" \/><\/figure>\n\n\n\n<figure class=\"wp-block-image size-full\"><img loading=\"lazy\" decoding=\"async\" width=\"253\" height=\"189\" src=\"https:\/\/www.reventspro.fi\/wp-content\/uploads\/2024\/03\/EST-parempi-logo.png\" alt=\"\" class=\"wp-image-271\"\/><\/figure>\n\n\n\n\n\n<hr class=\"wp-block-separator has-alpha-channel-opacity\"\/>\n","protected":false},"excerpt":{"rendered":"<p>Revents Tapahtumatuottaja\/ Yritt\u00e4j\u00e4 Virve Remunen 50100 Mikkeli 0400 150007 virve.remunen@gmail.com www.reventspro.fi Yhteisty\u00f6ss\u00e4<\/p>\n","protected":false},"author":1,"featured_media":0,"parent":0,"menu_order":0,"comment_status":"closed","ping_status":"closed","template":"","meta":{"footnotes":""},"class_list":["post-23","page","type-page","status-publish","hentry"],"_links":{"self":[{"href":"https:\/\/www.reventspro.fi\/index.php\/wp-json\/wp\/v2\/pages\/23","targetHints":{"allow":["GET"]}}],"collection":[{"href":"https:\/\/www.reventspro.fi\/index.php\/wp-json\/wp\/v2\/pages"}],"about":[{"href":"https:\/\/www.reventspro.fi\/index.php\/wp-json\/wp\/v2\/types\/page"}],"author":[{"embeddable":true,"href":"https:\/\/www.reventspro.fi\/index.php\/wp-json\/wp\/v2\/users\/1"}],"replies":[{"embeddable":true,"href":"https:\/\/www.reventspro.fi\/index.php\/wp-json\/wp\/v2\/comments?post=23"}],"version-history":[{"count":13,"href":"https:\/\/www.reventspro.fi\/index.php\/wp-json\/wp\/v2\/pages\/23\/revisions"}],"predecessor-version":[{"id":272,"href":"https:\/\/www.reventspro.fi\/index.php\/wp-json\/wp\/v2\/pages\/23\/revisions\/272"}],"wp:attachment":[{"href":"https:\/\/www.reventspro.fi\/index.php\/wp-json\/wp\/v2\/media?parent=23"}],"curies":[{"name":"wp","href":"https:\/\/api.w.org\/{rel}","templated":true}]}}